{"id":503,"date":"2020-01-01T01:19:00","date_gmt":"2020-01-01T00:19:00","guid":{"rendered":"http:\/\/lbstudio.de\/wordpress\/?page_id=503"},"modified":"2020-05-25T18:12:41","modified_gmt":"2020-05-25T16:12:41","slug":"macintosh-plus","status":"publish","type":"page","link":"https:\/\/lbstudio.de\/wordpress\/macintosh-plus\/","title":{"rendered":"Macintosh Plus"},"content":{"rendered":"\n<p class=\"has-drop-cap\">Dieser Macintosh ist die dritte Inkarnation nach Macintosh 128k und Macintosh 512k (Fat Mac). Er erschien 1986, ein Jahr nach dem zweiten Mac. Er hat eine SCSI-Schnittstelle zum Anschluss von bis zu 6 externen Festplatten oder anderen Ger\u00e4ten (Scanner, Drucker).<\/p>\n\n\n\n<p>Er war leider viel zu teuer f\u00fcr mich \u2013 der Preis lag so um 10000,- DM. Just zu dieser Zeit kam der ATARI ST auf den Markt f\u00fcr unter 2000,-&nbsp;DM und ich begab mich auf die GEM-Schiene.<br>Dieser Macintosh hier arbeitete als Arbeitsplatzrechner von 1986 bis 1990 bei der Linotype AG in Eschborn, damals zusammen mit Apple, Aldus und Adobe die &#8218;Erfinder&#8216; des Desktop Publishing und WYSIWYG.<\/p>\n\n\n\n<ul class=\"wp-block-list\"><li>PageMaker von Aldus<\/li><li>PostScript von Adobe<\/li><li>Frontend (Macintosh) und Proof (LaserWriter) von Apple<\/li><li>Vektor-Fonts, Druckvorstufe (Raster Image Processor,  Belichter) von Linotype<\/li><\/ul>\n\n\n\n<figure class=\"wp-block-image size-large\"><a href=\"https:\/\/lbstudio.de\/wordpress\/wp-content\/uploads\/2020\/01\/UNADJUSTEDRAW_thumb_c525.jpg\"><img loading=\"lazy\" decoding=\"async\" width=\"1182\" height=\"665\" src=\"https:\/\/lbstudio.de\/wordpress\/wp-content\/uploads\/2020\/01\/UNADJUSTEDRAW_thumb_c525.jpg\" alt=\"\" class=\"wp-image-505\" srcset=\"https:\/\/lbstudio.de\/wordpress\/wp-content\/uploads\/2020\/01\/UNADJUSTEDRAW_thumb_c525.jpg 1182w, https:\/\/lbstudio.de\/wordpress\/wp-content\/uploads\/2020\/01\/UNADJUSTEDRAW_thumb_c525-300x169.jpg 300w, https:\/\/lbstudio.de\/wordpress\/wp-content\/uploads\/2020\/01\/UNADJUSTEDRAW_thumb_c525-768x432.jpg 768w\" sizes=\"auto, (max-width: 1182px) 100vw, 1182px\" \/><\/a><figcaption>Macintosh Plus<\/figcaption><\/figure>\n\n\n\n<p><\/p>\n\n\n\n<p>Diesem Mac habe ich eine interne 20MB SCSI-Platte eingepflanzt, plus zus\u00e4tzlichem Netzteil, da die originale Stromversorgung daf\u00fcr nicht ausgereicht h\u00e4tte. Er l\u00e4uft tapfer und problemfrei und h\u00e4ngt sogar mittlerweile in meinem Museums-Netzwerk.<\/p>\n\n\n\n<figure class=\"wp-block-image size-large\"><a href=\"https:\/\/lbstudio.de\/wordpress\/wp-content\/uploads\/2020\/01\/P1080278-scaled.jpeg\"><img loading=\"lazy\" decoding=\"async\" width=\"2000\" height=\"1125\" src=\"https:\/\/lbstudio.de\/wordpress\/wp-content\/uploads\/2020\/01\/P1080278-2000x1125.jpeg\" alt=\"\" class=\"wp-image-523\" srcset=\"https:\/\/lbstudio.de\/wordpress\/wp-content\/uploads\/2020\/01\/P1080278-2000x1125.jpeg 2000w, https:\/\/lbstudio.de\/wordpress\/wp-content\/uploads\/2020\/01\/P1080278-300x169.jpeg 300w, https:\/\/lbstudio.de\/wordpress\/wp-content\/uploads\/2020\/01\/P1080278-768x432.jpeg 768w, https:\/\/lbstudio.de\/wordpress\/wp-content\/uploads\/2020\/01\/P1080278-1536x864.jpeg 1536w, https:\/\/lbstudio.de\/wordpress\/wp-content\/uploads\/2020\/01\/P1080278-2048x1152.jpeg 2048w\" sizes=\"auto, (max-width: 2000px) 100vw, 2000px\" \/><\/a><figcaption>SCSI Harddisk, dahinter das zus\u00e4tzliche Netzteil, rechts der Ersatz f\u00fcr die nicht mehr zu bekommende 4,5V Batterie<\/figcaption><\/figure>\n\n\n\n<p>Daten:<\/p>\n\n\n\n<ul class=\"wp-block-list\"><li>Motorola 68000 mit 8MHz<\/li><li>32Bit breite interne Register und ALU, externer 24Bit Adressbus, externer 16Bit Datenbus<\/li><li>4 MB RAM<\/li><li>9&#8243; S\/W Grafik mit 512 x 342 Pixel<\/li><li>LocalTalk Netzwerk-Schnittstelle (230,4kbit\/s)<\/li><\/ul>\n\n\n\n<p>Und da wir schon beim Netzwerk sind:<br>Apple entwickelte schon fr\u00fch ein \u00fcberwiegend f\u00fcr Printer-Sharing konzipiertes Plug&#8217;n Play Netzwerk namens AppleTalk bzw. LocalTalk. Teilnehmer werden automatisch erkannt und tauchen in der &#8218;Auswahl&#8216; auf. Basierend auf RS422 konnten innerhalb eines Segmentes von 300m bis zu 32 Ger\u00e4te miteinander kommunizieren. Bis zu 256 Segmente k\u00f6nnen zu einem &#8218;Internetwork&#8216; zusammengeschlossen werden.<br>\u00dcber ein solches LocalTalk Netzwerk kann auch TCP\/IP getunnelt werden und mit Hilfe eines Gateways auch eine Verbindung zu aktuellen Ethernet-Netzwerken aufgebaut werden. Dazu dient dann z.B. ein<\/p>\n\n\n\n<h2 class=\"wp-block-heading\">Shiva Ethergate<\/h2>\n\n\n\n<figure class=\"wp-block-image size-large is-resized\"><a href=\"https:\/\/lbstudio.de\/wordpress\/wp-content\/uploads\/2020\/01\/PC240284-scaled.jpeg\"><img loading=\"lazy\" decoding=\"async\" src=\"https:\/\/lbstudio.de\/wordpress\/wp-content\/uploads\/2020\/01\/PC240284-1125x2000.jpeg\" alt=\"\" class=\"wp-image-506\" width=\"265\" height=\"470\" srcset=\"https:\/\/lbstudio.de\/wordpress\/wp-content\/uploads\/2020\/01\/PC240284-1125x2000.jpeg 1125w, https:\/\/lbstudio.de\/wordpress\/wp-content\/uploads\/2020\/01\/PC240284-169x300.jpeg 169w, https:\/\/lbstudio.de\/wordpress\/wp-content\/uploads\/2020\/01\/PC240284-768x1365.jpeg 768w, https:\/\/lbstudio.de\/wordpress\/wp-content\/uploads\/2020\/01\/PC240284-864x1536.jpeg 864w, https:\/\/lbstudio.de\/wordpress\/wp-content\/uploads\/2020\/01\/PC240284-1152x2048.jpeg 1152w, https:\/\/lbstudio.de\/wordpress\/wp-content\/uploads\/2020\/01\/PC240284-scaled.jpeg 1440w\" sizes=\"auto, (max-width: 265px) 100vw, 265px\" \/><\/a><figcaption>Ethergate mit 10BASE2 + 10BASE-T Switch<\/figcaption><\/figure>\n\n\n\n<ul class=\"wp-block-list\"><li>Motorola 68000 with 16MHz<\/li><li>2 MB RAM<\/li><li>Ethernet AUI and 10BASE2 Interface<\/li><li>2 Serial and LocalTalk Ports<\/li><\/ul>\n\n\n\n<p>Mit an einem seriellen Port des Ethergates angeschlossenen Modem k\u00f6nnen entfernte Netzwerke oder einzelne Ger\u00e4te per W\u00e4hlverbindung (Telefonnetz) in ein Firmennetzwerk eingebunden werden. Dies geschah aus Kostengr\u00fcnden automatisch und nur, wenn wirklich Bedarf f\u00fcr eine Daten\u00fcbertragung bestand.<\/p>\n\n\n\n<p>Eine kleine Anekdote:<br>Die DTP-Software Quark Xpress verteilte und \u00fcberpr\u00fcfte die Lizenznummern der Installation \u00fcber AppleTalk. Dabei versuchte sie jedes der m\u00f6glichen 256 Netzwerke zu erreichen und fragte dort eventuelle Lizenznummern ab. Wenn ein solches Netzwerk &#8218;remote&#8216; angebunden war, wurde nat\u00fcrlich eine W\u00e4hlverbindung aufgebaut und durch die zyklische Wiederholung der Abfragen aufrecht erhalten. Das konnte dann schon teuer werden, wenn die anzubindenden Gesch\u00e4ftsstellen etwas weiter entfernt waren. Und damals kostete jede Einheit&#8230;<\/p>\n\n\n\n<p>Und nat\u00fcrlich ist mein MacPlus so alt, dass er die Unterschriften seiner V\u00e4ter (und M\u00fctter) innen auf der R\u00fcckwand tr\u00e4gt:<\/p>\n\n\n\n<figure class=\"wp-block-image size-full\"><a href=\"https:\/\/lbstudio.de\/wordpress\/wp-content\/uploads\/2020\/01\/P1080273-scaled.jpeg\"><img loading=\"lazy\" decoding=\"async\" width=\"2560\" height=\"1746\" src=\"https:\/\/lbstudio.de\/wordpress\/wp-content\/uploads\/2020\/01\/P1080273-scaled.jpeg\" alt=\"R\u00fcckwand des Macintosh Plus\" class=\"wp-image-524\" srcset=\"https:\/\/lbstudio.de\/wordpress\/wp-content\/uploads\/2020\/01\/P1080273-scaled.jpeg 2560w, https:\/\/lbstudio.de\/wordpress\/wp-content\/uploads\/2020\/01\/P1080273-300x205.jpeg 300w, https:\/\/lbstudio.de\/wordpress\/wp-content\/uploads\/2020\/01\/P1080273-2000x1364.jpeg 2000w, https:\/\/lbstudio.de\/wordpress\/wp-content\/uploads\/2020\/01\/P1080273-768x524.jpeg 768w, https:\/\/lbstudio.de\/wordpress\/wp-content\/uploads\/2020\/01\/P1080273-1536x1047.jpeg 1536w, https:\/\/lbstudio.de\/wordpress\/wp-content\/uploads\/2020\/01\/P1080273-2048x1396.jpeg 2048w\" sizes=\"auto, (max-width: 2560px) 100vw, 2560px\" \/><\/a><figcaption>Macintosh Plus<\/figcaption><\/figure>\n","protected":false},"excerpt":{"rendered":"<p>Dieser Macintosh ist die dritte Inkarnation nach Macintosh 128k und Macintosh 512k (Fat Mac). Er erschien 1986, ein Jahr nach dem zweiten Mac. Er hat eine SCSI-Schnittstelle zum Anschluss von bis zu 6 externen Festplatten oder anderen Ger\u00e4ten (Scanner, Drucker). Er war leider viel zu teuer f\u00fcr mich \u2013 der Preis lag so um 10000,- &hellip; <a href=\"https:\/\/lbstudio.de\/wordpress\/macintosh-plus\/\" class=\"more-link\"><span class=\"screen-reader-text\">Macintosh Plus<\/span> weiterlesen <span class=\"meta-nav\">&rarr;<\/span><\/a><\/p>\n","protected":false},"author":1,"featured_media":0,"parent":0,"menu_order":0,"comment_status":"closed","ping_status":"closed","template":"","meta":{"_monsterinsights_skip_tracking":false,"_monsterinsights_sitenote_active":false,"_monsterinsights_sitenote_note":"","_monsterinsights_sitenote_category":0,"footnotes":""},"class_list":["post-503","page","type-page","status-publish","hentry"],"aioseo_notices":[],"_links":{"self":[{"href":"https:\/\/lbstudio.de\/wordpress\/wp-json\/wp\/v2\/pages\/503","targetHints":{"allow":["GET"]}}],"collection":[{"href":"https:\/\/lbstudio.de\/wordpress\/wp-json\/wp\/v2\/pages"}],"about":[{"href":"https:\/\/lbstudio.de\/wordpress\/wp-json\/wp\/v2\/types\/page"}],"author":[{"embeddable":true,"href":"https:\/\/lbstudio.de\/wordpress\/wp-json\/wp\/v2\/users\/1"}],"replies":[{"embeddable":true,"href":"https:\/\/lbstudio.de\/wordpress\/wp-json\/wp\/v2\/comments?post=503"}],"version-history":[{"count":12,"href":"https:\/\/lbstudio.de\/wordpress\/wp-json\/wp\/v2\/pages\/503\/revisions"}],"predecessor-version":[{"id":638,"href":"https:\/\/lbstudio.de\/wordpress\/wp-json\/wp\/v2\/pages\/503\/revisions\/638"}],"wp:attachment":[{"href":"https:\/\/lbstudio.de\/wordpress\/wp-json\/wp\/v2\/media?parent=503"}],"curies":[{"name":"wp","href":"https:\/\/api.w.org\/{rel}","templated":true}]}}