{"id":485,"date":"2019-12-31T22:42:33","date_gmt":"2019-12-31T21:42:33","guid":{"rendered":"http:\/\/lbstudio.de\/wordpress\/?page_id=485"},"modified":"2020-01-09T00:33:31","modified_gmt":"2020-01-08T23:33:31","slug":"apple-europlus","status":"publish","type":"page","link":"https:\/\/lbstudio.de\/wordpress\/apple-europlus\/","title":{"rendered":"Apple ][ europlus"},"content":{"rendered":"\n<figure class=\"wp-block-image size-large\"><a href=\"https:\/\/lbstudio.de\/wordpress\/wp-content\/uploads\/2019\/12\/l4bxH0R2Si2W2Kcbhep2bA_thumb_c528.jpg\"><img loading=\"lazy\" decoding=\"async\" width=\"1044\" height=\"753\" src=\"https:\/\/lbstudio.de\/wordpress\/wp-content\/uploads\/2019\/12\/l4bxH0R2Si2W2Kcbhep2bA_thumb_c528.jpg\" alt=\"\" class=\"wp-image-487\" srcset=\"https:\/\/lbstudio.de\/wordpress\/wp-content\/uploads\/2019\/12\/l4bxH0R2Si2W2Kcbhep2bA_thumb_c528.jpg 1044w, https:\/\/lbstudio.de\/wordpress\/wp-content\/uploads\/2019\/12\/l4bxH0R2Si2W2Kcbhep2bA_thumb_c528-300x216.jpg 300w, https:\/\/lbstudio.de\/wordpress\/wp-content\/uploads\/2019\/12\/l4bxH0R2Si2W2Kcbhep2bA_thumb_c528-768x554.jpg 768w\" sizes=\"auto, (max-width: 1044px) 100vw, 1044px\" \/><\/a><figcaption>Apple ][ europlus mit Disk ][ und bernsteinfarbenem Monitor von <em>Sanyo<\/em><\/figcaption><\/figure>\n\n\n\n<p>Mein erster richtiger Rechner, gekauft im August 1981 in Aachen, mit 16kB RAM, 8 Bit Prozessor MOS Technology 6502 mit 1MHz Taktrate, Compact-Kassetten als Datenspeicher, APPLESOFT II BASIC.<br>Schnell kam dann ein DISK ][ Laufwerk mit 5 1\/4 &#8220; 140kByte Floppy dazu, sp\u00e4ter ein ImageWriter I Nadeldrucker.<\/p>\n\n\n\n<p>Am Ende voller Ausbau mit 48kByte RAM, zus\u00e4tzlich 16kByte RAM durch die Language Card, in die dann das DOS 3.3 geladen wurde, oder eine weitere Sprache (Integer Basic, Pascal&#8230;). Selbstgebaute SuperSerialCard, 80 Zeichen Karte, Z80 CP\/M Karte und RGB-Karte zum Ansteuern eines Fernsehers \u00fcber SCART, und viele andere Hardware-Erweiterungen.<\/p>\n\n\n\n<p>Mit einem selbst angebauten, zweiten Diskettenlaufwerk, Sony 3,5&#8243; Single Sided, Single Density, 320kByte machte dann auch UCSD Pascal Spa\u00df. Von einem USA-Trip brachte ich 1984 eine Maus mit entsprechender Interface-Karte mit. 1984!<\/p>\n\n\n\n<p>Der Apple ][ kostete damals ca. 2800,- DM, das Diskettenlaufwerk und der Drucker jeweils 1800,- DM. Die erste verwendbare Textverarbeitung, CP\/M Wordstar, kostete 1225,- DM, das Benutzerhandbuch dazu nochmals 165,- DM.<\/p>\n\n\n\n<figure class=\"wp-block-image size-large\"><a href=\"https:\/\/lbstudio.de\/wordpress\/wp-content\/uploads\/2019\/12\/Apple-Preisliste-1981.png\"><img loading=\"lazy\" decoding=\"async\" width=\"1545\" height=\"2000\" src=\"https:\/\/lbstudio.de\/wordpress\/wp-content\/uploads\/2019\/12\/Apple-Preisliste-1981-1545x2000.png\" alt=\"Preisliste Apple Computer Mai 1981\" class=\"wp-image-488\" srcset=\"https:\/\/lbstudio.de\/wordpress\/wp-content\/uploads\/2019\/12\/Apple-Preisliste-1981-1545x2000.png 1545w, https:\/\/lbstudio.de\/wordpress\/wp-content\/uploads\/2019\/12\/Apple-Preisliste-1981-232x300.png 232w, https:\/\/lbstudio.de\/wordpress\/wp-content\/uploads\/2019\/12\/Apple-Preisliste-1981-768x994.png 768w, https:\/\/lbstudio.de\/wordpress\/wp-content\/uploads\/2019\/12\/Apple-Preisliste-1981-1187x1536.png 1187w, https:\/\/lbstudio.de\/wordpress\/wp-content\/uploads\/2019\/12\/Apple-Preisliste-1981-1583x2048.png 1583w\" sizes=\"auto, (max-width: 1545px) 100vw, 1545px\" \/><\/a><figcaption>Preisliste 1981<\/figcaption><\/figure>\n\n\n\n<p>Der im ROM befindliche Interpreter APPLESOFT II BASIC kam \u00fcbrigens von Bill Gates und Paul Alan, den Gr\u00fcndern von Microsoft, und arbeitete immer mit Flie\u00dfkomma-Zahlen. Also auch Laufvariablen in Schleifen! Sehr langsam, aber immer noch schneller als GW Basic auf dem original IBM PC. F\u00fcr wirklich schnelles Rechnen ging nat\u00fcrlich nichts \u00fcber Maschinen-Kode bzw. Assembler.<\/p>\n\n\n\n<p>Noch eine Besonderheit des 6502 Prozessors: Er hatte keine Multiplikations- oder Divisions-Operatoren, aber daf\u00fcr wahlweise BCD (Binary Coded Decimal) Arithmetik f\u00fcr Addition und Subtraktion!<\/p>\n\n\n\n<figure class=\"wp-block-image size-large\"><a href=\"https:\/\/lbstudio.de\/wordpress\/wp-content\/uploads\/2019\/12\/IMG_5613-scaled.jpg\"><img loading=\"lazy\" decoding=\"async\" width=\"2000\" height=\"1500\" src=\"https:\/\/lbstudio.de\/wordpress\/wp-content\/uploads\/2019\/12\/IMG_5613-2000x1500.jpg\" alt=\"\" class=\"wp-image-497\" srcset=\"https:\/\/lbstudio.de\/wordpress\/wp-content\/uploads\/2019\/12\/IMG_5613-2000x1500.jpg 2000w, https:\/\/lbstudio.de\/wordpress\/wp-content\/uploads\/2019\/12\/IMG_5613-300x225.jpg 300w, https:\/\/lbstudio.de\/wordpress\/wp-content\/uploads\/2019\/12\/IMG_5613-768x576.jpg 768w, https:\/\/lbstudio.de\/wordpress\/wp-content\/uploads\/2019\/12\/IMG_5613-1536x1152.jpg 1536w, https:\/\/lbstudio.de\/wordpress\/wp-content\/uploads\/2019\/12\/IMG_5613-2048x1536.jpg 2048w\" sizes=\"auto, (max-width: 2000px) 100vw, 2000px\" \/><\/a><figcaption>Nat\u00fcrlich mit allen Unterlagen<\/figcaption><\/figure>\n\n\n\n<p>Das Schaltbild inklusive kommentiertem ROM-Listing lag dabei \u2013 eine Einladung f\u00fcr die vielen Nachbauer, die mit Apple-Kopien wie &#8218;Pear&#8216;, &#8218;Orange&#8216; oder &#8218;Banana&#8216; alle Obstsorten durchgingen. Das war dann f\u00fcr Apple wohl mit ein Grund, warum das n\u00e4chste System, der Macintosh, geschlossen und sogar nur mit Spezialwerkzeug zu \u00f6ffnen war.<\/p>\n\n\n\n<p>\u00dcbrigens basierte mein Nachbau, der <a href=\"https:\/\/lbstudio.de\/wordpress\/wp-content\/uploads\/2019\/07\/Ernie_II.jpeg\">Ernie ][<\/a> auf diesem Schaltbild, ich habe ihn jedoch nie verkauft!<\/p>\n\n\n\n<figure class=\"wp-block-image size-large\"><img loading=\"lazy\" decoding=\"async\" width=\"2000\" height=\"1125\" src=\"https:\/\/lbstudio.de\/wordpress\/wp-content\/uploads\/2020\/01\/PC250277-2000x1125.jpeg\" alt=\"\" class=\"wp-image-513\" srcset=\"https:\/\/lbstudio.de\/wordpress\/wp-content\/uploads\/2020\/01\/PC250277-2000x1125.jpeg 2000w, https:\/\/lbstudio.de\/wordpress\/wp-content\/uploads\/2020\/01\/PC250277-300x169.jpeg 300w, https:\/\/lbstudio.de\/wordpress\/wp-content\/uploads\/2020\/01\/PC250277-768x432.jpeg 768w, https:\/\/lbstudio.de\/wordpress\/wp-content\/uploads\/2020\/01\/PC250277-1536x864.jpeg 1536w, https:\/\/lbstudio.de\/wordpress\/wp-content\/uploads\/2020\/01\/PC250277-2048x1152.jpeg 2048w\" sizes=\"auto, (max-width: 2000px) 100vw, 2000px\" \/><figcaption>Das hippy Apple ][ Logo<\/figcaption><\/figure>\n","protected":false},"excerpt":{"rendered":"<p>Mein erster richtiger Rechner, gekauft im August 1981 in Aachen, mit 16kB RAM, 8 Bit Prozessor MOS Technology 6502 mit 1MHz Taktrate, Compact-Kassetten als Datenspeicher, APPLESOFT II BASIC.Schnell kam dann ein DISK ][ Laufwerk mit 5 1\/4 &#8220; 140kByte Floppy dazu, sp\u00e4ter ein ImageWriter I Nadeldrucker. Am Ende voller Ausbau mit 48kByte RAM, zus\u00e4tzlich 16kByte &hellip; <a href=\"https:\/\/lbstudio.de\/wordpress\/apple-europlus\/\" class=\"more-link\"><span class=\"screen-reader-text\">Apple ][ europlus<\/span> weiterlesen <span class=\"meta-nav\">&rarr;<\/span><\/a><\/p>\n","protected":false},"author":1,"featured_media":0,"parent":0,"menu_order":0,"comment_status":"closed","ping_status":"closed","template":"","meta":{"_monsterinsights_skip_tracking":false,"_monsterinsights_sitenote_active":false,"_monsterinsights_sitenote_note":"","_monsterinsights_sitenote_category":0,"footnotes":""},"class_list":["post-485","page","type-page","status-publish","hentry"],"aioseo_notices":[],"_links":{"self":[{"href":"https:\/\/lbstudio.de\/wordpress\/wp-json\/wp\/v2\/pages\/485","targetHints":{"allow":["GET"]}}],"collection":[{"href":"https:\/\/lbstudio.de\/wordpress\/wp-json\/wp\/v2\/pages"}],"about":[{"href":"https:\/\/lbstudio.de\/wordpress\/wp-json\/wp\/v2\/types\/page"}],"author":[{"embeddable":true,"href":"https:\/\/lbstudio.de\/wordpress\/wp-json\/wp\/v2\/users\/1"}],"replies":[{"embeddable":true,"href":"https:\/\/lbstudio.de\/wordpress\/wp-json\/wp\/v2\/comments?post=485"}],"version-history":[{"count":11,"href":"https:\/\/lbstudio.de\/wordpress\/wp-json\/wp\/v2\/pages\/485\/revisions"}],"predecessor-version":[{"id":531,"href":"https:\/\/lbstudio.de\/wordpress\/wp-json\/wp\/v2\/pages\/485\/revisions\/531"}],"wp:attachment":[{"href":"https:\/\/lbstudio.de\/wordpress\/wp-json\/wp\/v2\/media?parent=485"}],"curies":[{"name":"wp","href":"https:\/\/api.w.org\/{rel}","templated":true}]}}